{"id":2559,"date":"2025-06-05T09:07:53","date_gmt":"2025-06-05T07:07:53","guid":{"rendered":"https:\/\/lesjacquemartsnormands.fr\/?page_id=2559"},"modified":"2025-07-11T15:34:53","modified_gmt":"2025-07-11T13:34:53","slug":"guy-de-maupassant-bedroom-1","status":"publish","type":"page","link":"https:\/\/lesjacquemartsnormands.fr\/en\/guy-de-maupassant-bedroom-1\/","title":{"rendered":"Guy de Maupassant bedroom 1"},"content":{"rendered":"<figure><img data-src=\"https:\/\/lesjacquemartsnormands.fr\/wp-content\/uploads\/2022\/05\/ok-20220429_172818-1-scaled.jpg\" alt=\"Chambre 2 Gustave Flaubert\" \/><\/figure>\n<figure><img data-src=\"https:\/\/lesjacquemartsnormands.fr\/wp-content\/uploads\/2022\/05\/ok-20220430_135225-1-scaled.jpg\" alt=\"ok 20220430_135225\" \/><\/figure>\n<figure><img data-src=\"https:\/\/lesjacquemartsnormands.fr\/wp-content\/uploads\/2023\/01\/Logo-ok.png\" alt=\"Chambre d&#039;h\u00f4tes r\u00e9f\u00e9rence\" \/><\/figure>\n<figure><img data-src=\"https:\/\/lesjacquemartsnormands.fr\/wp-content\/uploads\/2022\/05\/ok-20220430_135127-1-scaled.jpg\" alt=\"ok 20220430_135127\" \/><\/figure>\n<figure><img data-src=\"https:\/\/lesjacquemartsnormands.fr\/wp-content\/uploads\/2024\/02\/Bornes-electriques-Sans-supplement-RECTANGLE.jpg\" alt=\"Bornes de recharge \u00e9lectrique disponibles pour les h\u00f4tes\" \/><\/figure>\n<figure><img data-src=\"https:\/\/lesjacquemartsnormands.fr\/wp-content\/uploads\/2022\/05\/ok-20220430_135340-1-scaled.jpg\" alt=\"ok 20220430_135340\" \/><\/figure>\n<figure><img data-src=\"https:\/\/lesjacquemartsnormands.fr\/wp-content\/uploads\/2023\/05\/Parking-XXL-RECTANGULAIRE-scaled.jpg\" alt=\"Parking XXL\" \/><\/figure>\n<figure><img data-src=\"https:\/\/lesjacquemartsnormands.fr\/wp-content\/uploads\/2022\/05\/ok-20220429_171856-1-scaled.jpg\" alt=\"ok 20220429_171856\" \/><\/figure>\n<p>\t\tThe spacious 30 square meter bedroom is situated on the second floor, it benefits from a double exposure. Wood floor and beams, the room features soothing shades of pale rose and dove grey, linen sheers and curtains from our shop\u00a0<a  href=\"https:\/\/www.toutlin.fr\/\" target=\"_blank\" rel=\"noopener\">Toutlin<\/a>, and fig red linen washed bedding. Ensuite bathroom with separate toilets.<\/p>\n<p><strong>Guy de Maupassant<\/strong>, a French writter, was born in 1850 at 10 kms from the guesthouse.<\/p>\n<h3>\n\t\t\t\t\t\t\tThe bedroom<br \/>\n\t\t\t\t\t<\/h3>\n<p>\n\t\t\t\t\t\tKing size bed<br \/>\n2 twin beds on demand<br \/>\n_<br \/>\nLinen washed bedding<br \/>\n_<br \/>\nTea and coffee making facilities<br \/>\n_<br \/>\nSitting area and desk area in the bedroom<br \/>\n_<br \/>\nFlat screen T.V., free wifi\t\t\t\t\t<\/p>\n<h3>\n\t\t\t\t\t\t\tEnsuite bathroom<br \/>\n\t\t\t\t\t<\/h3>\n<p>\n\t\t\t\t\t\tPrivate bathroom with separate private toilets<br \/>\n_<br \/>\nLinen bath towels from <a  href=\"https:\/\/www.toutlin.fr\/\" rel=\"noopener\" target=\"_blank\">Toutlin<\/a><br \/>\n_<br \/>\nVegetable soap &#8211; Hair &#038; body wash\/shampoo<br \/>\n_<br \/>\n80 x 100 shower<br \/>\n_<br \/>\nHeated towel rails<br \/>\n_<br \/>\nHair dryer\t\t\t\t\t<\/p>\n<h3>\n\t\t\t\t\t\t\tAnd&#8230;<br \/>\n\t\t\t\t\t<\/h3>\n<p>\n\t\t\t\t\t\tOutdoor veranda and pergola<br \/>\n_<br \/>\nCar park in the closed garden<br \/>\nFree electric charging stations<br \/>\n_<br \/>\nCheck in between 04.00 p.m. and 08.00 p.m.<br \/>\nCheck out until 11.30 a.m.<br \/>\n(for late or early arrivings, please contact us before booking)<br \/>\n_<br \/>\nBreakfast is served until 10.30 a.m.\t\t\t\t\t<\/p>\n<p>\t\t\t\t\t<a href=\"https:\/\/via.eviivo.com\/jacquemarts76590\" target=\"_blank\"><br \/>\n\t\t\t\t\t\t\t\t\tBook a room<br \/>\n\t\t\t\t\t<\/a><br \/>\n\t\tBy booking on our site, <br \/>you are guaranteed to benefit from the best rates.\t\t<\/p>\n<h3>\n\t\t\t\t\t\tGustave Flaubert bedroom 2\t\t\t\t\t<\/h3>\n<p>\t\t\t\t\t<a href=\"https:\/\/lesjacquemartsnormands.fr\/en\/gustave-flaubert-bedroom\/\"><br \/>\n\t\t\t\t\t\tDiscover\t\t\t\t\t<\/a><br \/>\n\t\t\t\t\t\t\t<a href=\"https:\/\/lesjacquemartsnormands.fr\/en\/georges-braque-bedroom\/\"><\/p>\n<h3>\n\t\t\t\t\t\tGeorges BRAQUE bedroom 3\t\t\t\t\t<\/h3>\n<p>\t\t\t\t\t\tDiscover<br \/>\n\t\t\t\t\t\t<\/a><br \/>\n\t\t\t\t\t\t\t<a href=\"https:\/\/lesjacquemartsnormands.fr\/en\/claude-monet-bedroom\/\"><\/p>\n<h3>\n\t\t\t\t\t\tClaude Monet bedroom 4\t\t\t\t\t<\/h3>\n<p>\t\t\t\t\t\tDiscover<br \/>\n\t\t\t\t\t\t<\/a><\/p>\n","protected":false},"excerpt":{"rendered":"<p>The spacious 30 square meter bedroom is situated on the second floor, it benefits from a double exposure. Wood floor and beams, the room features soothing shades of pale rose and dove grey, linen sheers and curtains from our shop\u00a0Toutlin, and fig red linen washed bedding. Ensuite bathroom with separate toilets. Guy de Maupassant, a [&hellip;]<\/p>\n","protected":false},"author":1,"featured_media":1999,"parent":0,"menu_order":0,"comment_status":"closed","ping_status":"closed","template":"","meta":{"footnotes":""},"class_list":["post-2559","page","type-page","status-publish","has-post-thumbnail","hentry"],"_links":{"self":[{"href":"https:\/\/lesjacquemartsnormands.fr\/en\/wp-json\/wp\/v2\/pages\/2559","targetHints":{"allow":["GET"]}}],"collection":[{"href":"https:\/\/lesjacquemartsnormands.fr\/en\/wp-json\/wp\/v2\/pages"}],"about":[{"href":"https:\/\/lesjacquemartsnormands.fr\/en\/wp-json\/wp\/v2\/types\/page"}],"author":[{"embeddable":true,"href":"https:\/\/lesjacquemartsnormands.fr\/en\/wp-json\/wp\/v2\/users\/1"}],"replies":[{"embeddable":true,"href":"https:\/\/lesjacquemartsnormands.fr\/en\/wp-json\/wp\/v2\/comments?post=2559"}],"version-history":[{"count":33,"href":"https:\/\/lesjacquemartsnormands.fr\/en\/wp-json\/wp\/v2\/pages\/2559\/revisions"}],"predecessor-version":[{"id":3401,"href":"https:\/\/lesjacquemartsnormands.fr\/en\/wp-json\/wp\/v2\/pages\/2559\/revisions\/3401"}],"wp:featuredmedia":[{"embeddable":true,"href":"https:\/\/lesjacquemartsnormands.fr\/en\/wp-json\/wp\/v2\/media\/1999"}],"wp:attachment":[{"href":"https:\/\/lesjacquemartsnormands.fr\/en\/wp-json\/wp\/v2\/media?parent=2559"}],"curies":[{"name":"wp","href":"https:\/\/api.w.org\/{rel}","templated":true}]}}